{"id":17,"date":"2025-02-13T10:25:59","date_gmt":"2025-02-13T09:25:59","guid":{"rendered":"https:\/\/choeurdebreizh.fr\/DEV_CDB\/\/?page_id=17"},"modified":"2026-02-10T08:57:44","modified_gmt":"2026-02-10T07:57:44","slug":"accueil","status":"publish","type":"page","link":"https:\/\/choeurdebreizh.fr\/DEV_CDB\/","title":{"rendered":"Accueil"},"content":{"rendered":"\n[et_pb_section fb_built=\u00a0\u00bb1&Prime; inner_shadow=\u00a0\u00bbon\u00a0\u00bb custom_padding_last_edited=\u00a0\u00bbon|phone\u00a0\u00bb _builder_version=\u00a0\u00bb4.27.4&Prime; _module_preset=\u00a0\u00bbdefault\u00a0\u00bb background_color=\u00a0\u00bb#FFFFFF\u00a0\u00bb custom_margin=\u00a0\u00bb0px||||false|false\u00a0\u00bb custom_padding=\u00a0\u00bb12px||12px||false|false\u00a0\u00bb custom_padding_tablet=\u00a0\u00bb12px||12px||false|false\u00a0\u00bb custom_padding_phone=\u00a0\u00bb12px||12px||false|false\u00a0\u00bb sticky_position=\u00a0\u00bbtop\u00a0\u00bb global_colors_info=\u00a0\u00bb{}\u00a0\u00bb][et_pb_row make_equal=\u00a0\u00bbon\u00a0\u00bb _builder_version=\u00a0\u00bb4.27.4&Prime; _module_preset=\u00a0\u00bbdefault\u00a0\u00bb custom_padding=\u00a0\u00bb||||false|false\u00a0\u00bb global_colors_info=\u00a0\u00bb{}\u00a0\u00bb][et_pb_column type=\u00a0\u00bb4_4&Prime; _builder_version=\u00a0\u00bb4.27.4&Prime; _module_preset=\u00a0\u00bbdefault\u00a0\u00bb global_colors_info=\u00a0\u00bb{}\u00a0\u00bb][et_pb_text _builder_version=\u00a0\u00bb4.27.4&Prime; _module_preset=\u00a0\u00bbdefault\u00a0\u00bb text_font=\u00a0\u00bbMcLaren|700|||||||\u00a0\u00bb text_text_color=\u00a0\u00bbgcid-secondary-color\u00a0\u00bb text_font_size=\u00a0\u00bb42px\u00a0\u00bb text_line_height=\u00a0\u00bb1em\u00a0\u00bb text_orientation=\u00a0\u00bbcenter\u00a0\u00bb custom_margin=\u00a0\u00bb||||false|false\u00a0\u00bb text_font_size_tablet=\u00a0\u00bb36px\u00a0\u00bb text_font_size_phone=\u00a0\u00bb20px\u00a0\u00bb text_font_size_last_edited=\u00a0\u00bbon|desktop\u00a0\u00bb text_line_height_tablet=\u00a0\u00bb1em\u00a0\u00bb text_line_height_phone=\u00a0\u00bb1em\u00a0\u00bb text_line_height_last_edited=\u00a0\u00bbon|phone\u00a0\u00bb text_text_shadow_style=\u00a0\u00bbpreset2&Prime; text_text_shadow_horizontal_length=\u00a0\u00bb0.07em\u00a0\u00bb text_text_shadow_vertical_length=\u00a0\u00bb0.08em\u00a0\u00bb text_text_shadow_blur_strength=\u00a0\u00bb0.08em\u00a0\u00bb text_text_shadow_color=\u00a0\u00bb#E02B20&Prime; global_colors_info=\u00a0\u00bb{%22gcid-primary-color%22:%91%22quote_text_color%22,%22quote_text_color%22%93,%22gcid-secondary-color%22:%91%22text_text_color%22%93}\u00a0\u00bb]Chorale Choeur de Breizh[\/et_pb_text][\/et_pb_column][\/et_pb_row][\/et_pb_section][et_pb_section fb_built=\u00a0\u00bb1&Prime; _builder_version=\u00a0\u00bb4.27.4&Prime; _module_preset=\u00a0\u00bbdefault\u00a0\u00bb background_color=\u00a0\u00bbRGBA(255,255,255,0)\u00a0\u00bb use_background_color_gradient=\u00a0\u00bbon\u00a0\u00bb background_color_gradient_type=\u00a0\u00bbcircular\u00a0\u00bb background_color_gradient_direction_radial=\u00a0\u00bbbottom left\u00a0\u00bb background_color_gradient_stops=\u00a0\u00bb#000000 0%|gcid-primary-color 30%\u00a0\u00bb height_tablet=\u00a0\u00bb\u00a0\u00bb height_phone=\u00a0\u00bb\u00a0\u00bb height_last_edited=\u00a0\u00bbon|desktop\u00a0\u00bb custom_padding=\u00a0\u00bb8px||8px||false|false\u00a0\u00bb sticky_position=\u00a0\u00bbtop\u00a0\u00bb global_colors_info=\u00a0\u00bb{%22gcid-primary-color%22:%91%22background_color_gradient_stops%22%93}\u00a0\u00bb][et_pb_row make_equal=\u00a0\u00bbon\u00a0\u00bb _builder_version=\u00a0\u00bb4.27.4&Prime; _module_preset=\u00a0\u00bbdefault\u00a0\u00bb custom_margin=\u00a0\u00bb0px||0px||false|false\u00a0\u00bb custom_padding=\u00a0\u00bb0px||0px||false|false\u00a0\u00bb global_colors_info=\u00a0\u00bb{}\u00a0\u00bb][et_pb_column type=\u00a0\u00bb4_4&Prime; _builder_version=\u00a0\u00bb4.27.4&Prime; _module_preset=\u00a0\u00bbdefault\u00a0\u00bb global_colors_info=\u00a0\u00bb{}\u00a0\u00bb][et_pb_menu menu_style=\u00a0\u00bbleft_aligned\u00a0\u00bb active_link_color=\u00a0\u00bb#000000&Prime; dropdown_menu_bg_color=\u00a0\u00bb#E01F45&Prime; dropdown_menu_line_color=\u00a0\u00bb#E01F45&Prime; dropdown_menu_text_color=\u00a0\u00bb#FFFFFF\u00a0\u00bb dropdown_menu_active_link_color=\u00a0\u00bb#000000&Prime; mobile_menu_bg_color=\u00a0\u00bb#E01F45&Prime; mobile_menu_text_color=\u00a0\u00bb#FFFFFF\u00a0\u00bb logo=\u00a0\u00bbhttps:\/\/choeurdebreizh.fr\/DEV_CDB\/\/wp-content\/uploads\/2025\/02\/cropped-logo.jpg\u00a0\u00bb logo_url=\u00a0\u00bb@ET-DC@eyJkeW5hbWljIjp0cnVlLCJjb250ZW50IjoiaG9tZV91cmwiLCJzZXR0aW5ncyI6e319@\u00a0\u00bb search_icon_color=\u00a0\u00bb#FFFFFF\u00a0\u00bb _builder_version=\u00a0\u00bb4.27.4&Prime; _dynamic_attributes=\u00a0\u00bblogo_url\u00a0\u00bb _module_preset=\u00a0\u00bbdefault\u00a0\u00bb menu_font=\u00a0\u00bbMcLaren|700|||||||\u00a0\u00bb menu_text_color=\u00a0\u00bb#FFFFFF\u00a0\u00bb text_orientation=\u00a0\u00bbcenter\u00a0\u00bb sticky_position=\u00a0\u00bbtop\u00a0\u00bb hover_enabled=\u00a0\u00bb0&Prime; menu_font_size_tablet=\u00a0\u00bb16px\u00a0\u00bb menu_font_size_phone=\u00a0\u00bb14px\u00a0\u00bb menu_font_size_last_edited=\u00a0\u00bbon|phone\u00a0\u00bb text_orientation_tablet=\u00a0\u00bbcenter\u00a0\u00bb text_orientation_phone=\u00a0\u00bbcenter\u00a0\u00bb text_orientation_last_edited=\u00a0\u00bbon|desktop\u00a0\u00bb border_radii_image=\u00a0\u00bbon|10px|10px|10px|10px\u00a0\u00bb border_radii_image_tablet=\u00a0\u00bbon|10px|10px|10px|10px\u00a0\u00bb border_radii_image_phone=\u00a0\u00bbon|10px|10px|10px|10px\u00a0\u00bb border_radii_image_last_edited=\u00a0\u00bbon|desktop\u00a0\u00bb global_colors_info=\u00a0\u00bb{%22gcid-primary-color%22:%91%22active_link_color%22,%22active_link_color%22,%22active_link_color%22,%22active_link_color%22,%22active_link_color%22,%22active_link_color%22,%22active_link_color%22,%22active_link_color%22,%22active_link_color%22,%22active_link_color%22,%22active_link_color%22,%22active_link_color%22,%22active_link_color%22,%22active_link_color%22,%22active_link_color%22,%22active_link_color%22,%22active_link_color%22,%22active_link_color%22,%22active_link_color%22%93,%22gcid-heading-color%22:%91%22menu_text_color%22,%22menu_text_color%22,%22menu_text_color%22,%22menu_text_color%22,%22menu_text_color%22,%22menu_text_color%22,%22menu_text_color%22,%22menu_text_color%22,%22menu_text_color%22,%22menu_text_color%22,%22menu_text_color%22,%22menu_text_color%22,%22menu_text_color%22,%22menu_text_color%22,%22menu_text_color%22,%22menu_text_color%22,%22menu_text_color%22,%22menu_text_color%22,%22menu_text_color%22,%22menu_text_color%22,%22menu_text_color%22,%22menu_text_color%22,%22menu_text_color%22%93}\u00a0\u00bb sticky_enabled=\u00a0\u00bb0&Prime;][\/et_pb_menu][\/et_pb_column][\/et_pb_row][\/et_pb_section][et_pb_section fb_built=\u00a0\u00bb1&Prime; _builder_version=\u00a0\u00bb4.27.4&Prime; _module_preset=\u00a0\u00bbdefault\u00a0\u00bb background_color=\u00a0\u00bb#FFFFFF\u00a0\u00bb custom_padding=\u00a0\u00bb0px||0px||true|false\u00a0\u00bb locked=\u00a0\u00bboff\u00a0\u00bb global_colors_info=\u00a0\u00bb{}\u00a0\u00bb][et_pb_row _builder_version=\u00a0\u00bb4.27.4&Prime; _module_preset=\u00a0\u00bbdefault\u00a0\u00bb global_colors_info=\u00a0\u00bb{}\u00a0\u00bb][et_pb_column type=\u00a0\u00bb4_4&Prime; _builder_version=\u00a0\u00bb4.27.4&Prime; _module_preset=\u00a0\u00bbdefault\u00a0\u00bb global_colors_info=\u00a0\u00bb{}\u00a0\u00bb][et_pb_text _builder_version=\u00a0\u00bb4.27.4&Prime; _module_preset=\u00a0\u00bbdefault\u00a0\u00bb text_orientation=\u00a0\u00bbcenter\u00a0\u00bb global_colors_info=\u00a0\u00bb{}\u00a0\u00bb]R\u00e9p\u00e9titions tout les mercredis \u00e0 la salle polyvalente de Trelevern de 19h-30 \u00e0 21h[\/et_pb_text][\/et_pb_column][\/et_pb_row][et_pb_row column_structure=\u00a0\u00bb1_5,3_5,1_5&Prime; _builder_version=\u00a0\u00bb4.27.4&Prime; _module_preset=\u00a0\u00bbdefault\u00a0\u00bb background_color=\u00a0\u00bb#FFFFFF\u00a0\u00bb width=\u00a0\u00bb100%\u00a0\u00bb max_width=\u00a0\u00bbnone\u00a0\u00bb module_alignment=\u00a0\u00bbcenter\u00a0\u00bb custom_padding=\u00a0\u00bb0px||0px||true|false\u00a0\u00bb global_colors_info=\u00a0\u00bb{}\u00a0\u00bb][et_pb_column type=\u00a0\u00bb1_5&Prime; _builder_version=\u00a0\u00bb4.27.4&Prime; _module_preset=\u00a0\u00bbdefault\u00a0\u00bb background_color=\u00a0\u00bb#FFFFFF\u00a0\u00bb custom_padding=\u00a0\u00bb|||15px|false|false\u00a0\u00bb custom_padding_tablet=\u00a0\u00bb|||0px|false|false\u00a0\u00bb custom_padding_phone=\u00a0\u00bb|||0px|false|false\u00a0\u00bb custom_padding_last_edited=\u00a0\u00bbon|desktop\u00a0\u00bb global_colors_info=\u00a0\u00bb{}\u00a0\u00bb][et_pb_image src=\u00a0\u00bbhttps:\/\/choeurdebreizh.fr\/DEV_CDB\/\/wp-content\/uploads\/2025\/02\/Picto_actualites-e1740148504746.webp\u00a0\u00bb title_text=\u00a0\u00bbPicto_actualites-198&Prime; align=\u00a0\u00bbcenter\u00a0\u00bb align_tablet=\u00a0\u00bbcenter\u00a0\u00bb align_phone=\u00a0\u00bbcenter\u00a0\u00bb align_last_edited=\u00a0\u00bbon|desktop\u00a0\u00bb _builder_version=\u00a0\u00bb4.27.4&Prime; _module_preset=\u00a0\u00bbdefault\u00a0\u00bb background_color=\u00a0\u00bb#FFFFFF\u00a0\u00bb custom_margin=\u00a0\u00bb0px||||false|false\u00a0\u00bb custom_padding=\u00a0\u00bb0px|||30px|false|false\u00a0\u00bb custom_padding_tablet=\u00a0\u00bb|||0px|false|false\u00a0\u00bb custom_padding_phone=\u00a0\u00bb|||0px|false|false\u00a0\u00bb custom_padding_last_edited=\u00a0\u00bbon|desktop\u00a0\u00bb border_radii=\u00a0\u00bbon|10px|10px|10px|10px\u00a0\u00bb box_shadow_style=\u00a0\u00bbpreset6&Prime; global_colors_info=\u00a0\u00bb{}\u00a0\u00bb][\/et_pb_image][et_pb_menu menu_id=\u00a0\u00bb16&Prime; menu_style=\u00a0\u00bbleft_aligned\u00a0\u00bb show_search_icon=\u00a0\u00bboff\u00a0\u00bb _builder_version=\u00a0\u00bb4.27.4&Prime; _module_preset=\u00a0\u00bbdefault\u00a0\u00bb custom_margin=\u00a0\u00bb|||30px|false|false\u00a0\u00bb global_colors_info=\u00a0\u00bb{}\u00a0\u00bb][\/et_pb_menu][\/et_pb_column][et_pb_column type=\u00a0\u00bb3_5&Prime; _builder_version=\u00a0\u00bb4.27.2&Prime; _module_preset=\u00a0\u00bbdefault\u00a0\u00bb global_colors_info=\u00a0\u00bb{}\u00a0\u00bb][et_pb_image src=\u00a0\u00bbhttps:\/\/choeurdebreizh.fr\/DEV_CDB\/\/wp-content\/uploads\/2025\/02\/DSC02400-scaled-e1739530208165.jpg\u00a0\u00bb title_text=\u00a0\u00bbcdb-photo-acceuil\u00a0\u00bb align=\u00a0\u00bbcenter\u00a0\u00bb _builder_version=\u00a0\u00bb4.27.4&Prime; _module_preset=\u00a0\u00bbdefault\u00a0\u00bb background_color=\u00a0\u00bb#FFFFFF\u00a0\u00bb global_colors_info=\u00a0\u00bb{}\u00a0\u00bb][\/et_pb_image][\/et_pb_column][et_pb_column type=\u00a0\u00bb1_5&Prime; _builder_version=\u00a0\u00bb4.27.2&Prime; _module_preset=\u00a0\u00bbdefault\u00a0\u00bb global_colors_info=\u00a0\u00bb{}\u00a0\u00bb][\/et_pb_column][\/et_pb_row][et_pb_row _builder_version=\u00a0\u00bb4.27.4&Prime; _module_preset=\u00a0\u00bbdefault\u00a0\u00bb global_colors_info=\u00a0\u00bb{}\u00a0\u00bb][et_pb_column type=\u00a0\u00bb4_4&Prime; _builder_version=\u00a0\u00bb4.27.4&Prime; _module_preset=\u00a0\u00bbdefault\u00a0\u00bb global_colors_info=\u00a0\u00bb{}\u00a0\u00bb][\/et_pb_column][\/et_pb_row][\/et_pb_section][et_pb_section fb_built=\u00a0\u00bb1&Prime; admin_label=\u00a0\u00bbFooter\u00a0\u00bb _builder_version=\u00a0\u00bb4.27.4&Prime; _module_preset=\u00a0\u00bb27610978-6b6b-49c2-8073-f52b237d29d0&Prime; background_color=\u00a0\u00bb#FFFFFF\u00a0\u00bb use_background_color_gradient=\u00a0\u00bbon\u00a0\u00bb background_color_gradient_type=\u00a0\u00bbcircular\u00a0\u00bb background_color_gradient_direction_radial=\u00a0\u00bbbottom left\u00a0\u00bb background_color_gradient_stops=\u00a0\u00bbgcid-secondary-color 0%|gcid-primary-color 30%\u00a0\u00bb custom_padding=\u00a0\u00bb0px||0px||false|false\u00a0\u00bb collapsed=\u00a0\u00bboff\u00a0\u00bb global_colors_info=\u00a0\u00bb{%22gcid-secondary-color%22:%91%22background_color_gradient_stops%22%93,%22gcid-primary-color%22:%91%22background_color_gradient_stops%22%93}\u00a0\u00bb][et_pb_row use_custom_gutter=\u00a0\u00bbon\u00a0\u00bb make_equal=\u00a0\u00bbon\u00a0\u00bb _builder_version=\u00a0\u00bb4.27.4&Prime; _module_preset=\u00a0\u00bbdefault\u00a0\u00bb min_height_tablet=\u00a0\u00bb\u00a0\u00bb min_height_phone=\u00a0\u00bb\u00a0\u00bb min_height_last_edited=\u00a0\u00bbon|phone\u00a0\u00bb custom_margin=\u00a0\u00bb0px||||false|false\u00a0\u00bb custom_padding=\u00a0\u00bb||5px|||\u00a0\u00bb global_colors_info=\u00a0\u00bb{}\u00a0\u00bb][et_pb_column type=\u00a0\u00bb4_4&Prime; _builder_version=\u00a0\u00bb4.27.3&Prime; _module_preset=\u00a0\u00bbdefault\u00a0\u00bb global_colors_info=\u00a0\u00bb{}\u00a0\u00bb][et_pb_social_media_follow url_new_window=\u00a0\u00bboff\u00a0\u00bb use_icon_font_size=\u00a0\u00bbon\u00a0\u00bb icon_font_size=\u00a0\u00bb28px\u00a0\u00bb icon_font_size_tablet=\u00a0\u00bb28px\u00a0\u00bb icon_font_size_phone=\u00a0\u00bb18px\u00a0\u00bb icon_font_size_last_edited=\u00a0\u00bbon|desktop\u00a0\u00bb _builder_version=\u00a0\u00bb4.27.4&Prime; _module_preset=\u00a0\u00bbc8d5b2aa-c955-470e-ae32-005f9e1e409b\u00a0\u00bb text_orientation=\u00a0\u00bbcenter\u00a0\u00bb text_orientation_tablet=\u00a0\u00bbcenter\u00a0\u00bb text_orientation_phone=\u00a0\u00bbcenter\u00a0\u00bb text_orientation_last_edited=\u00a0\u00bbon|tablet\u00a0\u00bb global_colors_info=\u00a0\u00bb{}\u00a0\u00bb][et_pb_social_media_follow_network social_network=\u00a0\u00bbfacebook\u00a0\u00bb url=\u00a0\u00bbhttps:\/\/www.facebook.com\/profile.php?id=100076218489634&Prime; _builder_version=\u00a0\u00bb4.27.4&Prime; _module_preset=\u00a0\u00bb0382fcda-3b96-4920-9c14-f6b5046f95aa\u00a0\u00bb background_color=\u00a0\u00bb#0C71C3&Prime; border_radii=\u00a0\u00bbon|6px|6px|6px|6px\u00a0\u00bb border_style_all=\u00a0\u00bbnone\u00a0\u00bb global_colors_info=\u00a0\u00bb{}\u00a0\u00bb follow_button=\u00a0\u00bboff\u00a0\u00bb url_new_window=\u00a0\u00bboff\u00a0\u00bb]facebook[\/et_pb_social_media_follow_network][\/et_pb_social_media_follow][\/et_pb_column][\/et_pb_row][\/et_pb_section]\n","protected":false},"excerpt":{"rendered":"","protected":false},"author":1,"featured_media":0,"parent":0,"menu_order":0,"comment_status":"closed","ping_status":"closed","template":"","meta":{"footnotes":""},"class_list":["post-17","page","type-page","status-publish","hentry"],"yoast_head":"<!-- This site is optimized with the Yoast SEO plugin v27.3 - https:\/\/yoast.com\/product\/yoast-seo-wordpress\/ -->\n<title>Accueil - Chorale Choeur de Breizh<\/title>\n<meta name=\"description\" content=\"Bonjour ici la page de la chorale Choeur de Breizh constitu\u00e9 en 2021 \u00e0 Tr\u00e9l\u00e9vern. R\u00e9p\u00e9titions tout les mercredis \u00e0 la salle polyvalente de Trelevern de 19h-30 \u00e0 21h Notre chorale existe maintenant depuis 2021. Nous sommes 30 choristes, 1 guitariste, 1 basse qui aimons la convivialit\u00e9 et surtout la chanson fran\u00e7aise Si ...\" \/>\n<meta name=\"robots\" content=\"index, nofollow, max-snippet:-1, max-image-preview:large, max-video-preview:-1\" \/>\n<link rel=\"canonical\" href=\"https:\/\/choeurdebreizh.fr\/DEV_CDB\/\" \/>\n<meta property=\"og:locale\" content=\"fr_FR\" \/>\n<meta property=\"og:type\" content=\"article\" \/>\n<meta property=\"og:title\" content=\"Accueil - Chorale Choeur de Breizh\" \/>\n<meta property=\"og:description\" content=\"Bonjour ici la page de la chorale Choeur de Breizh constitu\u00e9 en 2021 \u00e0 Tr\u00e9l\u00e9vern. R\u00e9p\u00e9titions tout les mercredis \u00e0 la salle polyvalente de Trelevern de 19h-30 \u00e0 21h Notre chorale existe maintenant depuis 2021. Nous sommes 30 choristes, 1 guitariste, 1 basse qui aimons la convivialit\u00e9 et surtout la chanson fran\u00e7aise Si ...\" \/>\n<meta property=\"og:url\" content=\"https:\/\/choeurdebreizh.fr\/DEV_CDB\/\" \/>\n<meta property=\"og:site_name\" content=\"Chorale Choeur de Breizh\" \/>\n<meta property=\"article:publisher\" content=\"https:\/\/www.facebook.com\/profile.php?id=100076218489634\" \/>\n<meta property=\"article:modified_time\" content=\"2026-02-10T07:57:44+00:00\" \/>\n<meta name=\"twitter:card\" content=\"summary_large_image\" \/>\n<meta name=\"twitter:label1\" content=\"Dur\u00e9e de lecture estim\u00e9e\" \/>\n\t<meta name=\"twitter:data1\" content=\"1 minute\" \/>\n<script type=\"application\/ld+json\" class=\"yoast-schema-graph\">{\"@context\":\"https:\\\/\\\/schema.org\",\"@graph\":[{\"@type\":\"WebPage\",\"@id\":\"https:\\\/\\\/choeurdebreizh.fr\\\/DEV_CDB\\\/\",\"url\":\"https:\\\/\\\/choeurdebreizh.fr\\\/DEV_CDB\\\/\",\"name\":\"Accueil - Chorale Choeur de Breizh\",\"isPartOf\":{\"@id\":\"https:\\\/\\\/choeurdebreizh.fr\\\/DEV_CDB\\\/#website\"},\"datePublished\":\"2025-02-13T09:25:59+00:00\",\"dateModified\":\"2026-02-10T07:57:44+00:00\",\"description\":\"Bonjour ici la page de la chorale Choeur de Breizh constitu\u00e9 en 2021 \u00e0 Tr\u00e9l\u00e9vern. R\u00e9p\u00e9titions tout les mercredis \u00e0 la salle polyvalente de Trelevern de 19h-30 \u00e0 21h Notre chorale existe maintenant depuis 2021. Nous sommes 30 choristes, 1 guitariste, 1 basse qui aimons la convivialit\u00e9 et surtout la chanson fran\u00e7aise Si ...\",\"breadcrumb\":{\"@id\":\"https:\\\/\\\/choeurdebreizh.fr\\\/DEV_CDB\\\/#breadcrumb\"},\"inLanguage\":\"fr-FR\",\"potentialAction\":[{\"@type\":\"ReadAction\",\"target\":[\"https:\\\/\\\/choeurdebreizh.fr\\\/DEV_CDB\\\/\"]}]},{\"@type\":\"BreadcrumbList\",\"@id\":\"https:\\\/\\\/choeurdebreizh.fr\\\/DEV_CDB\\\/#breadcrumb\",\"itemListElement\":[{\"@type\":\"ListItem\",\"position\":1,\"name\":\"Home\",\"item\":\"https:\\\/\\\/choeurdebreizh.fr\\\/DEV_CDB\\\/\"},{\"@type\":\"ListItem\",\"position\":2,\"name\":\"Accueil\"}]},{\"@type\":\"WebSite\",\"@id\":\"https:\\\/\\\/choeurdebreizh.fr\\\/DEV_CDB\\\/#website\",\"url\":\"https:\\\/\\\/choeurdebreizh.fr\\\/DEV_CDB\\\/\",\"name\":\"Choeur de Breizh\",\"description\":\"chorale trelevern trevou choeur de breizh\",\"publisher\":{\"@id\":\"https:\\\/\\\/choeurdebreizh.fr\\\/DEV_CDB\\\/#organization\"},\"potentialAction\":[{\"@type\":\"SearchAction\",\"target\":{\"@type\":\"EntryPoint\",\"urlTemplate\":\"https:\\\/\\\/choeurdebreizh.fr\\\/DEV_CDB\\\/?s={search_term_string}\"},\"query-input\":{\"@type\":\"PropertyValueSpecification\",\"valueRequired\":true,\"valueName\":\"search_term_string\"}}],\"inLanguage\":\"fr-FR\"},{\"@type\":\"Organization\",\"@id\":\"https:\\\/\\\/choeurdebreizh.fr\\\/DEV_CDB\\\/#organization\",\"name\":\"Choeur de Breizh\",\"url\":\"https:\\\/\\\/choeurdebreizh.fr\\\/DEV_CDB\\\/\",\"logo\":{\"@type\":\"ImageObject\",\"inLanguage\":\"fr-FR\",\"@id\":\"https:\\\/\\\/choeurdebreizh.fr\\\/DEV_CDB\\\/#\\\/schema\\\/logo\\\/image\\\/\",\"url\":\"https:\\\/\\\/choeurdebreizh.fr\\\/DEV_CDB\\\/\\\/wp-content\\\/uploads\\\/2025\\\/02\\\/cropped-logo.jpg\",\"contentUrl\":\"https:\\\/\\\/choeurdebreizh.fr\\\/DEV_CDB\\\/\\\/wp-content\\\/uploads\\\/2025\\\/02\\\/cropped-logo.jpg\",\"width\":512,\"height\":512,\"caption\":\"Choeur de Breizh\"},\"image\":{\"@id\":\"https:\\\/\\\/choeurdebreizh.fr\\\/DEV_CDB\\\/#\\\/schema\\\/logo\\\/image\\\/\"},\"sameAs\":[\"https:\\\/\\\/www.facebook.com\\\/profile.php?id=100076218489634\"]}]}<\/script>\n<!-- \/ Yoast SEO plugin. -->","yoast_head_json":{"title":"Accueil - Chorale Choeur de Breizh","description":"Bonjour ici la page de la chorale Choeur de Breizh constitu\u00e9 en 2021 \u00e0 Tr\u00e9l\u00e9vern. R\u00e9p\u00e9titions tout les mercredis \u00e0 la salle polyvalente de Trelevern de 19h-30 \u00e0 21h Notre chorale existe maintenant depuis 2021. Nous sommes 30 choristes, 1 guitariste, 1 basse qui aimons la convivialit\u00e9 et surtout la chanson fran\u00e7aise Si ...","robots":{"index":"index","follow":"nofollow","max-snippet":"max-snippet:-1","max-image-preview":"max-image-preview:large","max-video-preview":"max-video-preview:-1"},"canonical":"https:\/\/choeurdebreizh.fr\/DEV_CDB\/","og_locale":"fr_FR","og_type":"article","og_title":"Accueil - Chorale Choeur de Breizh","og_description":"Bonjour ici la page de la chorale Choeur de Breizh constitu\u00e9 en 2021 \u00e0 Tr\u00e9l\u00e9vern. R\u00e9p\u00e9titions tout les mercredis \u00e0 la salle polyvalente de Trelevern de 19h-30 \u00e0 21h Notre chorale existe maintenant depuis 2021. Nous sommes 30 choristes, 1 guitariste, 1 basse qui aimons la convivialit\u00e9 et surtout la chanson fran\u00e7aise Si ...","og_url":"https:\/\/choeurdebreizh.fr\/DEV_CDB\/","og_site_name":"Chorale Choeur de Breizh","article_publisher":"https:\/\/www.facebook.com\/profile.php?id=100076218489634","article_modified_time":"2026-02-10T07:57:44+00:00","twitter_card":"summary_large_image","twitter_misc":{"Dur\u00e9e de lecture estim\u00e9e":"1 minute"},"schema":{"@context":"https:\/\/schema.org","@graph":[{"@type":"WebPage","@id":"https:\/\/choeurdebreizh.fr\/DEV_CDB\/","url":"https:\/\/choeurdebreizh.fr\/DEV_CDB\/","name":"Accueil - Chorale Choeur de Breizh","isPartOf":{"@id":"https:\/\/choeurdebreizh.fr\/DEV_CDB\/#website"},"datePublished":"2025-02-13T09:25:59+00:00","dateModified":"2026-02-10T07:57:44+00:00","description":"Bonjour ici la page de la chorale Choeur de Breizh constitu\u00e9 en 2021 \u00e0 Tr\u00e9l\u00e9vern. R\u00e9p\u00e9titions tout les mercredis \u00e0 la salle polyvalente de Trelevern de 19h-30 \u00e0 21h Notre chorale existe maintenant depuis 2021. Nous sommes 30 choristes, 1 guitariste, 1 basse qui aimons la convivialit\u00e9 et surtout la chanson fran\u00e7aise Si ...","breadcrumb":{"@id":"https:\/\/choeurdebreizh.fr\/DEV_CDB\/#breadcrumb"},"inLanguage":"fr-FR","potentialAction":[{"@type":"ReadAction","target":["https:\/\/choeurdebreizh.fr\/DEV_CDB\/"]}]},{"@type":"BreadcrumbList","@id":"https:\/\/choeurdebreizh.fr\/DEV_CDB\/#breadcrumb","itemListElement":[{"@type":"ListItem","position":1,"name":"Home","item":"https:\/\/choeurdebreizh.fr\/DEV_CDB\/"},{"@type":"ListItem","position":2,"name":"Accueil"}]},{"@type":"WebSite","@id":"https:\/\/choeurdebreizh.fr\/DEV_CDB\/#website","url":"https:\/\/choeurdebreizh.fr\/DEV_CDB\/","name":"Choeur de Breizh","description":"chorale trelevern trevou choeur de breizh","publisher":{"@id":"https:\/\/choeurdebreizh.fr\/DEV_CDB\/#organization"},"potentialAction":[{"@type":"SearchAction","target":{"@type":"EntryPoint","urlTemplate":"https:\/\/choeurdebreizh.fr\/DEV_CDB\/?s={search_term_string}"},"query-input":{"@type":"PropertyValueSpecification","valueRequired":true,"valueName":"search_term_string"}}],"inLanguage":"fr-FR"},{"@type":"Organization","@id":"https:\/\/choeurdebreizh.fr\/DEV_CDB\/#organization","name":"Choeur de Breizh","url":"https:\/\/choeurdebreizh.fr\/DEV_CDB\/","logo":{"@type":"ImageObject","inLanguage":"fr-FR","@id":"https:\/\/choeurdebreizh.fr\/DEV_CDB\/#\/schema\/logo\/image\/","url":"https:\/\/choeurdebreizh.fr\/DEV_CDB\/\/wp-content\/uploads\/2025\/02\/cropped-logo.jpg","contentUrl":"https:\/\/choeurdebreizh.fr\/DEV_CDB\/\/wp-content\/uploads\/2025\/02\/cropped-logo.jpg","width":512,"height":512,"caption":"Choeur de Breizh"},"image":{"@id":"https:\/\/choeurdebreizh.fr\/DEV_CDB\/#\/schema\/logo\/image\/"},"sameAs":["https:\/\/www.facebook.com\/profile.php?id=100076218489634"]}]}},"_links":{"self":[{"href":"https:\/\/choeurdebreizh.fr\/DEV_CDB\/wp-json\/wp\/v2\/pages\/17","targetHints":{"allow":["GET"]}}],"collection":[{"href":"https:\/\/choeurdebreizh.fr\/DEV_CDB\/wp-json\/wp\/v2\/pages"}],"about":[{"href":"https:\/\/choeurdebreizh.fr\/DEV_CDB\/wp-json\/wp\/v2\/types\/page"}],"author":[{"embeddable":true,"href":"https:\/\/choeurdebreizh.fr\/DEV_CDB\/wp-json\/wp\/v2\/users\/1"}],"replies":[{"embeddable":true,"href":"https:\/\/choeurdebreizh.fr\/DEV_CDB\/wp-json\/wp\/v2\/comments?post=17"}],"version-history":[{"count":3,"href":"https:\/\/choeurdebreizh.fr\/DEV_CDB\/wp-json\/wp\/v2\/pages\/17\/revisions"}],"predecessor-version":[{"id":3863,"href":"https:\/\/choeurdebreizh.fr\/DEV_CDB\/wp-json\/wp\/v2\/pages\/17\/revisions\/3863"}],"wp:attachment":[{"href":"https:\/\/choeurdebreizh.fr\/DEV_CDB\/wp-json\/wp\/v2\/media?parent=17"}],"curies":[{"name":"wp","href":"https:\/\/api.w.org\/{rel}","templated":true}]}}